{"id":25977392,"date":"2024-08-25T15:44:31","date_gmt":"2024-08-25T20:44:31","guid":{"rendered":"https:\/\/blueexperiencediving.com\/politique-de-confidentialite-2\/"},"modified":"2026-03-30T14:18:39","modified_gmt":"2026-03-30T19:18:39","slug":"politique-de-confidentialite","status":"publish","type":"page","link":"https:\/\/blueexperiencediving.com\/fr\/politique-de-confidentialite\/","title":{"rendered":"Politique de confidentialit\u00e9"},"content":{"rendered":"<div class=\"et_pb_section_0 et_pb_section et_section_regular et_block_section\">\n<div class=\"et_pb_row_0 et_pb_row et_block_row\">\n<div class=\"et_pb_column_0 et_pb_column et_pb_column_4_4 et-last-child et_block_column et_pb_css_mix_blend_mode_passthrough\">\n<div class=\"et_pb_heading_0 et_pb_heading et_pb_module et_block_module preset--module--divi-heading--4b888c4b-23a6-403b-baf4-50f385047008 preset--module--divi-heading--default preset--module--divi-heading--yzta2i8pe5\"><div class=\"et_pb_heading_container\"><h1 class=\"et_pb_module_header\">Politique de confidentialit\u00e9<\/h1><\/div><\/div>\n\n<div class=\"et_pb_text_0 et_pb_text et_pb_bg_layout_light et_pb_module et_block_module preset--module--divi-text--default\"><div class=\"et_pb_text_inner\"><p>Derni\u00e8re mise \u00e0 jour: 25\/08\/2024<\/p>\n<\/div><\/div>\n<\/div>\n<\/div>\n<\/div>\n\n<div class=\"et_pb_section_1 et_pb_section et_section_regular et_block_section\">\n<div class=\"et_pb_row_1 et_pb_row et_block_row\">\n<div class=\"et_pb_column_1 et_pb_column et_pb_column_4_4 et-last-child et_block_column et_pb_css_mix_blend_mode_passthrough\">\n<div class=\"et_pb_text_1 et_pb_text et_pb_bg_layout_light et_pb_module et_block_module preset--module--divi-text--default\"><div class=\"et_pb_text_inner\"><p><strong>Blue Experience S.A. de C.V.<\/strong>, mieux connue sous le nom de Blue Experience Diving, dont le si\u00e8ge est situ\u00e9 Carretera Canc\u00fan\u2013Tulum km 256, Complejo Sirenis, Plaza Xaac, local 5, colonia Plaza Xaac, Akumal, municipalit\u00e9 de Solidaridad, code postal 77780, dans l\u2019\u00c9tat de Quintana Roo, Mexique, ainsi que le site web <a rel=\"noopener\" target=\"_new\" href=\"http:\/\/blueexperiencediving.com\/fr\/\">blueexperiencediving.com<\/a>, est responsable de l\u2019utilisation et de la protection de vos donn\u00e9es personnelles et, \u00e0 ce titre, vous informe de ce qui suit :<\/p>\n<\/div><\/div>\n\n<div class=\"et_pb_heading_1 et_pb_heading et_pb_module et_block_module preset--module--divi-heading--ef35b176-3974-467b-9139-48dfb10bca63\"><div class=\"et_pb_heading_container\"><h2 class=\"et_pb_module_header\">\u00c0 quelles fins utiliserons-nous vos donn\u00e9es personnelles?<\/h2><\/div><\/div>\n\n<div class=\"et_pb_text_2 et_pb_text et_pb_bg_layout_light et_pb_module et_block_module preset--module--divi-text--default\"><div class=\"et_pb_text_inner\"><p>De mani\u00e8re compl\u00e9mentaire, nous utiliserons vos informations personnelles pour les finalit\u00e9s secondaires suivantes, qui ne sont pas n\u00e9cessaires pour le service demand\u00e9, mais qui nous permettent de vous offrir une meilleure attention:<\/p>\n<ul>\n<li>Pour la gestion des r\u00e9servations de services de plong\u00e9e.<\/li>\n<li>Pour l'enregistrement des activit\u00e9s sous-marines.<\/li>\n<li>Pour la certification et\/ou l'enregistrement des niveaux de plongeur dans les cours de formation.<\/li>\n<\/ul>\n<p>Si vous ne souhaitez pas que vos donn\u00e9es personnelles soient utilis\u00e9es \u00e0 ces fins secondaires, veuillez l'indiquer ci-dessous : Je ne consens pas \u00e0 ce que mes donn\u00e9es personnelles soient utilis\u00e9es pour les finalit\u00e9s suivantes:<\/p>\n<ul class=\"contains-task-list\">\n<li class=\"task-list-item\">Pour la gestion des r\u00e9servations de services de plong\u00e9e.<\/li>\n<li class=\"task-list-item\">Pour l'enregistrement des activit\u00e9s sous-marines.<\/li>\n<li class=\"task-list-item\">Pour la certification et\/ou l'enregistrement des niveaux de plongeur dans les cours de formation.<\/li>\n<\/ul>\n<p>Le refus de l'utilisation de vos donn\u00e9es personnelles pour ces finalit\u00e9s ne pourra pas \u00eatre un motif pour que nous vous refusions les services et produits que vous demandez ou contractez avec nous.<\/p>\n<\/div><\/div>\n\n<div class=\"et_pb_heading_2 et_pb_heading et_pb_module et_block_module preset--module--divi-heading--ef35b176-3974-467b-9139-48dfb10bca63\"><div class=\"et_pb_heading_container\"><h2 class=\"et_pb_module_header\">Quelles donn\u00e9es personnelles utiliserons-nous \u00e0 ces fins?<\/h2><\/div><\/div>\n\n<div class=\"et_pb_text_3 et_pb_text et_pb_bg_layout_light et_pb_module et_block_module preset--module--divi-text--default\"><div class=\"et_pb_text_inner\"><p>Pour atteindre les finalit\u00e9s d\u00e9crites dans le pr\u00e9sent avis de confidentialit\u00e9, nous utiliserons les donn\u00e9es personnelles suivantes:<\/p>\n<ul>\n<li>Nom<\/li>\n<li>T\u00e9l\u00e9phone fixe<\/li>\n<li>T\u00e9l\u00e9phone portable<\/li>\n<li>Adresse e-mail<\/li>\n<li>\u00c2ge<\/li>\n<li>Photographie<\/li>\n<li>Sports pratiqu\u00e9s<\/li>\n<li>Num\u00e9ros de certification de plong\u00e9e<\/li>\n<li>Donn\u00e9es d'identification<\/li>\n<li>Donn\u00e9es patrimoniales et\/ou financi\u00e8res<\/li>\n<\/ul>\n<\/div><\/div>\n\n<div class=\"et_pb_heading_3 et_pb_heading et_pb_module et_block_module preset--module--divi-heading--ef35b176-3974-467b-9139-48dfb10bca63\"><div class=\"et_pb_heading_container\"><h2 class=\"et_pb_module_header\">Avec qui partageons-nous vos informations personnelles et \u00e0 quelles fins?<\/h2><\/div><\/div>\n\n<div class=\"et_pb_text_4 et_pb_text et_pb_bg_layout_light et_pb_module et_block_module preset--module--divi-text--default\"><div class=\"et_pb_text_inner\"><p>Nous vous informons que vos donn\u00e9es personnelles sont partag\u00e9es, tant \u00e0 l'int\u00e9rieur qu'\u00e0 l'ext\u00e9rieur du pays, avec les personnes, entreprises, organisations ou autorit\u00e9s suivantes, pour les finalit\u00e9s suivantes:<\/p>\n<ul>\n<li><strong>Recipient of personal data:<\/strong> PADI<\/li>\n<li><strong>Finalit\u00e9<\/strong> : Enregistrement des certifications de plong\u00e9e<\/li>\n<li><strong>Consentement requis<\/strong>: Non<\/li>\n<\/ul>\n<\/div><\/div>\n\n<div class=\"et_pb_heading_4 et_pb_heading et_pb_module et_block_module preset--module--divi-heading--ef35b176-3974-467b-9139-48dfb10bca63\"><div class=\"et_pb_heading_container\"><h2 class=\"et_pb_module_header\">Comment pouvez-vous acc\u00e9der, rectifier ou annuler vos donn\u00e9es personnelles, ou vous opposer \u00e0 leur utilisation?<\/h2><\/div><\/div>\n\n<div class=\"et_pb_text_5 et_pb_text et_pb_bg_layout_light et_pb_module et_block_module preset--module--divi-text--default\"><div class=\"et_pb_text_inner\"><p>Vous avez le droit de savoir quelles donn\u00e9es personnelles nous d\u00e9tenons \u00e0 votre sujet, pourquoi nous les utilisons et dans quelles conditions nous les utilisons (Acc\u00e8s). Vous avez \u00e9galement le droit de demander la correction de vos informations personnelles si elles sont obsol\u00e8tes, inexactes ou incompl\u00e8tes (Rectification); que nous les supprimions de nos registres ou bases de donn\u00e9es lorsque vous consid\u00e9rez qu'elles ne sont pas utilis\u00e9es correctement (Annulation); ainsi que de vous opposer \u00e0 l'utilisation de vos donn\u00e9es personnelles \u00e0 des fins sp\u00e9cifiques (Opposition). Ces droits sont connus sous le nom de droits ARCO.  <\/p>\n<p>Pour exercer l'un des droits ARCO, vous devez soumettre la demande correspondante par l'interm\u00e9diaire du moyen suivant:<\/p>\n<ul>\n<li><strong>Email:<\/strong> <a rel=\"noopener\">info@blueexperiencediving.com<\/a><\/li>\n<\/ul>\n<p>Pour conna\u00eetre la proc\u00e9dure et les exigences pour l'exercice des droits ARCO, nous mettons \u00e0 votre disposition le moyen suivant:<\/p>\n<ul>\n<li><strong>Email:<\/strong> <a rel=\"noopener\">info@blueexperiencediving.com<\/a><\/li>\n<\/ul>\n<p>Les coordonn\u00e9es de la personne ou du d\u00e9partement responsable des donn\u00e9es personnelles, en charge de traiter les demandes des droits ARCO, sont les suivantes :<\/p>\n<ul>\n<li><strong>Nom:<\/strong> Sarah<\/li>\n<li><strong>Domicile:<\/strong> Carretera Canc\u00fan-Tulum km256, complejo Sirenis, Plaza Xaac local 5, colonia Plaza Xaac, Akumal, municipality of Solidaridad, postal code 77780, in the state of Quintana Roo, Mexico.<\/li>\n<\/ul>\n<\/div><\/div>\n\n<div class=\"et_pb_heading_5 et_pb_heading et_pb_module et_block_module preset--module--divi-heading--ef35b176-3974-467b-9139-48dfb10bca63\"><div class=\"et_pb_heading_container\"><h2 class=\"et_pb_module_header\">Vous pouvez r\u00e9voquer votre consentement \u00e0 l'utilisation de vos donn\u00e9es personnelles<\/h2><\/div><\/div>\n\n<div class=\"et_pb_text_6 et_pb_text et_pb_bg_layout_light et_pb_module et_block_module preset--module--divi-text--default\"><div class=\"et_pb_text_inner\"><p>Vous pouvez r\u00e9voquer le consentement que vous nous avez accord\u00e9 pour le traitement de vos donn\u00e9es personnelles. Cependant, il est important de noter que dans certains cas, nous ne pourrons pas r\u00e9pondre \u00e0 votre demande ou mettre fin \u00e0 l'utilisation imm\u00e9diatement, car il est possible que, pour des raisons l\u00e9gales, nous devions continuer \u00e0 traiter vos donn\u00e9es personnelles. De plus, vous devez consid\u00e9rer que pour certaines finalit\u00e9s, la r\u00e9vocation de votre consentement impliquera que nous ne pourrons plus vous fournir le service que vous avez demand\u00e9, ou la conclusion de votre relation avec nous.  <\/p>\n<p>Pour r\u00e9voquer votre consentement, vous devez soumettre votre demande par l'interm\u00e9diaire du moyen suivant:<\/p>\n<ul>\n<li><strong>Email:<\/strong> <a rel=\"noopener\">info@blueexperiencediving.com<\/a><\/li>\n<\/ul>\n<p>Pour conna\u00eetre la proc\u00e9dure et les exigences pour la r\u00e9vocation du consentement, nous mettons \u00e0 votre disposition le moyen suivant:<\/p>\n<ul>\n<li><strong>Email:<\/strong> <a rel=\"noopener\">info@blueexperiencediving.com<\/a><\/li>\n<\/ul>\n<\/div><\/div>\n\n<div class=\"et_pb_heading_6 et_pb_heading et_pb_module et_block_module preset--module--divi-heading--ef35b176-3974-467b-9139-48dfb10bca63\"><div class=\"et_pb_heading_container\"><h2 class=\"et_pb_module_header\">Comment pouvez-vous limiter l'utilisation ou la divulgation de vos informations personnelles?<\/h2><\/div><\/div>\n\n<div class=\"et_pb_text_7 et_pb_text et_pb_bg_layout_light et_pb_module et_block_module preset--module--divi-text--default\"><div class=\"et_pb_text_inner\"><p>Afin que vous puissiez limiter l'utilisation et la divulgation de vos informations personnelles, nous vous proposons les moyens suivants:<\/p>\n<ul>\n<li><strong>Email:<\/strong> <a rel=\"noopener\">info@blueexperiencediving.com<\/a><\/li>\n<\/ul>\n<\/div><\/div>\n\n<div class=\"et_pb_heading_7 et_pb_heading et_pb_module et_block_module preset--module--divi-heading--ef35b176-3974-467b-9139-48dfb10bca63\"><div class=\"et_pb_heading_container\"><h2 class=\"et_pb_module_header\">Comment pouvez-vous conna\u00eetre les modifications apport\u00e9es \u00e0 cet avis de confidentialit\u00e9?<\/h2><\/div><\/div>\n\n<div class=\"et_pb_text_8 et_pb_text et_pb_bg_layout_light et_pb_module et_block_module preset--module--divi-text--default\"><div class=\"et_pb_text_inner\"><p>Le pr\u00e9sent avis de confidentialit\u00e9 peut subir des modifications, des changements ou des mises \u00e0 jour r\u00e9sultant de nouvelles exigences l\u00e9gales; de nos propres besoins pour les produits ou services que nous offrons; de nos pratiques de confidentialit\u00e9; de changements dans notre mod\u00e8le d'affaires, ou pour d'autres raisons.<\/p>\n<p>Nous nous engageons \u00e0 vous informer de toute modification de cet avis de confidentialit\u00e9 via : <a rel=\"noopener\" target=\"_new\" href=\"http:\/\/blueexperiencediving.com\/fr\/\">blueexperiencediving.com<\/a>.<\/p>\n<p>La proc\u00e9dure par laquelle les notifications de modifications ou de mises \u00e0 jour de cet avis de confidentialit\u00e9 seront effectu\u00e9es est la suivante:<\/p>\n<ul>\n<li>Visitez notre site internet.<\/li>\n<\/ul>\n<\/div><\/div>\n<\/div>\n<\/div>\n<\/div>","protected":false},"excerpt":{"rendered":"","protected":false},"author":1,"featured_media":25976187,"parent":0,"menu_order":0,"comment_status":"closed","ping_status":"closed","template":"","meta":{"_acf_changed":false,"footnotes":""},"folder":[41],"class_list":["post-25977392","page","type-page","status-publish","has-post-thumbnail","hentry"],"acf":[],"_links":{"self":[{"href":"https:\/\/blueexperiencediving.com\/fr\/wp-json\/wp\/v2\/pages\/25977392","targetHints":{"allow":["GET"]}}],"collection":[{"href":"https:\/\/blueexperiencediving.com\/fr\/wp-json\/wp\/v2\/pages"}],"about":[{"href":"https:\/\/blueexperiencediving.com\/fr\/wp-json\/wp\/v2\/types\/page"}],"author":[{"embeddable":true,"href":"https:\/\/blueexperiencediving.com\/fr\/wp-json\/wp\/v2\/users\/1"}],"replies":[{"embeddable":true,"href":"https:\/\/blueexperiencediving.com\/fr\/wp-json\/wp\/v2\/comments?post=25977392"}],"version-history":[{"count":10,"href":"https:\/\/blueexperiencediving.com\/fr\/wp-json\/wp\/v2\/pages\/25977392\/revisions"}],"predecessor-version":[{"id":25980795,"href":"https:\/\/blueexperiencediving.com\/fr\/wp-json\/wp\/v2\/pages\/25977392\/revisions\/25980795"}],"wp:featuredmedia":[{"embeddable":true,"href":"https:\/\/blueexperiencediving.com\/fr\/wp-json\/wp\/v2\/media\/25976187"}],"wp:attachment":[{"href":"https:\/\/blueexperiencediving.com\/fr\/wp-json\/wp\/v2\/media?parent=25977392"}],"wp:term":[{"taxonomy":"folder","embeddable":true,"href":"https:\/\/blueexperiencediving.com\/fr\/wp-json\/wp\/v2\/folder?post=25977392"}],"curies":[{"name":"wp","href":"https:\/\/api.w.org\/{rel}","templated":true}]}}