{"id":25976699,"date":"2024-08-06T14:32:54","date_gmt":"2024-08-06T19:32:54","guid":{"rendered":"https:\/\/blueexperiencediving.com\/blog\/"},"modified":"2026-03-26T17:30:59","modified_gmt":"2026-03-26T22:30:59","slug":"blog","status":"publish","type":"page","link":"https:\/\/blueexperiencediving.com\/fr\/blog\/","title":{"rendered":"Blog"},"content":{"rendered":"<div class=\"et_pb_section_0 et_pb_section et_section_regular et_block_section\">\n<div class=\"et_pb_row_0 et_pb_row et_block_row\">\n<div class=\"et_pb_column_0 et_pb_column et_pb_column_1_2 et_block_column et_pb_css_mix_blend_mode_passthrough\">\n<div class=\"et_pb_heading_0 et_pb_heading et_pb_module et_block_module preset--module--divi-heading--4b888c4b-23a6-403b-baf4-50f385047008 preset--module--divi-heading--default preset--module--divi-heading--yzta2i8pe5\"><div class=\"et_pb_heading_container\"><h1 class=\"et_pb_module_header\">Blog de plong\u00e9e sous-marine<\/h1><\/div><\/div>\n\n<div class=\"et_pb_heading_1 et_pb_heading et_pb_module et_block_module preset--module--divi-heading--twc3pgn80l preset--module--divi-heading--default\"><div class=\"et_pb_heading_container\"><h2 class=\"et_pb_module_header\">Nous sommes impatients de partager notre passion pour le monde sous-marin avec vous!<\/h2><\/div><\/div>\n<\/div>\n\n<div class=\"et_pb_column_1 et_pb_column et_pb_column_1_2 et-last-child et_block_column et_pb_column_empty et_pb_css_mix_blend_mode_passthrough\"><\/div>\n<\/div>\n<\/div>\n\n<div class=\"et_pb_section_1 et_pb_section et_section_regular et_block_section\">\n<div class=\"et_pb_row_1 et_pb_row et_block_row\">\n<div class=\"et_pb_column_2 et_pb_column et_pb_column_4_4 et-last-child et_block_column et_pb_css_mix_blend_mode_passthrough\">\n<div class=\"et_pb_blog_0 et_pb_blog et_pb_bg_layout_light et_pb_posts et_pb_module\"><div class=\"entry\">\n\t<h1 class=\"not-found-title\">Aucun R\u00e9sultat Trouv\u00e9<\/h1>\n\t<p>La page demand\u00e9e est introuvable. Essayez d\u2019affiner votre recherche ou utilisez la navigation ci-dessus pour trouver l\u2019article.<\/p>\n<\/div>\n<\/div>\n<\/div>\n<\/div>\n<\/div>","protected":false},"excerpt":{"rendered":"<p>Bienvenue sur le blog de Blue Experience Diving, votre ressource ultime pour la plong\u00e9e sous-marine sur la Riviera Maya. D\u00e9couvrez des conseils d&rsquo;experts, des guides complets sur les sites de plong\u00e9e, des informations sur la vie marine, des conseils saisonniers sur la plong\u00e9e et des histoires d&rsquo;initi\u00e9s sur le paradis sous-marin d&rsquo;Akumal. <\/p>\n","protected":false},"author":1,"featured_media":25974605,"parent":0,"menu_order":0,"comment_status":"closed","ping_status":"closed","template":"","meta":{"_acf_changed":false,"footnotes":""},"folder":[40],"class_list":["post-25976699","page","type-page","status-publish","has-post-thumbnail","hentry"],"acf":[],"_links":{"self":[{"href":"https:\/\/blueexperiencediving.com\/fr\/wp-json\/wp\/v2\/pages\/25976699","targetHints":{"allow":["GET"]}}],"collection":[{"href":"https:\/\/blueexperiencediving.com\/fr\/wp-json\/wp\/v2\/pages"}],"about":[{"href":"https:\/\/blueexperiencediving.com\/fr\/wp-json\/wp\/v2\/types\/page"}],"author":[{"embeddable":true,"href":"https:\/\/blueexperiencediving.com\/fr\/wp-json\/wp\/v2\/users\/1"}],"replies":[{"embeddable":true,"href":"https:\/\/blueexperiencediving.com\/fr\/wp-json\/wp\/v2\/comments?post=25976699"}],"version-history":[{"count":14,"href":"https:\/\/blueexperiencediving.com\/fr\/wp-json\/wp\/v2\/pages\/25976699\/revisions"}],"predecessor-version":[{"id":25980720,"href":"https:\/\/blueexperiencediving.com\/fr\/wp-json\/wp\/v2\/pages\/25976699\/revisions\/25980720"}],"wp:featuredmedia":[{"embeddable":true,"href":"https:\/\/blueexperiencediving.com\/fr\/wp-json\/wp\/v2\/media\/25974605"}],"wp:attachment":[{"href":"https:\/\/blueexperiencediving.com\/fr\/wp-json\/wp\/v2\/media?parent=25976699"}],"wp:term":[{"taxonomy":"folder","embeddable":true,"href":"https:\/\/blueexperiencediving.com\/fr\/wp-json\/wp\/v2\/folder?post=25976699"}],"curies":[{"name":"wp","href":"https:\/\/api.w.org\/{rel}","templated":true}]}}