{"id":25977389,"date":"2024-08-25T15:44:31","date_gmt":"2024-08-25T20:44:31","guid":{"rendered":"https:\/\/blueexperiencediving.com\/politica-de-privacidad-2\/"},"modified":"2026-03-30T14:55:56","modified_gmt":"2026-03-30T19:55:56","slug":"politica-de-privacidad","status":"publish","type":"page","link":"https:\/\/blueexperiencediving.com\/es\/politica-de-privacidad\/","title":{"rendered":"Pol\u00edtica de Privacidad"},"content":{"rendered":"<div class=\"et_pb_section_0 et_pb_section et_section_regular et_block_section\">\n<div class=\"et_pb_row_0 et_pb_row et_block_row\">\n<div class=\"et_pb_column_0 et_pb_column et_pb_column_4_4 et-last-child et_block_column et_pb_css_mix_blend_mode_passthrough\">\n<div class=\"et_pb_heading_0 et_pb_heading et_pb_module et_block_module preset--module--divi-heading--4b888c4b-23a6-403b-baf4-50f385047008 preset--module--divi-heading--default preset--module--divi-heading--yzta2i8pe5\"><div class=\"et_pb_heading_container\"><h1 class=\"et_pb_module_header\">Pol\u00edtica de Privacidad<\/h1><\/div><\/div>\n\n<div class=\"et_pb_text_0 et_pb_text et_pb_bg_layout_light et_pb_module et_block_module preset--module--divi-text--default\"><div class=\"et_pb_text_inner\"><p>\u00daltima actualizaci\u00f3n: 25\/08\/2024<\/p>\n<\/div><\/div>\n<\/div>\n<\/div>\n<\/div>\n\n<div class=\"et_pb_section_1 et_pb_section et_section_regular et_block_section\">\n<div class=\"et_pb_row_1 et_pb_row et_block_row\">\n<div class=\"et_pb_column_1 et_pb_column et_pb_column_4_4 et-last-child et_block_column et_pb_css_mix_blend_mode_passthrough\">\n<div class=\"et_pb_text_1 et_pb_text et_pb_bg_layout_light et_pb_module et_block_module preset--module--divi-text--default\"><div class=\"et_pb_text_inner\"><p><strong>Blue Experience S.A. de C.V.<\/strong>, mejor conocida como <strong>Blue Experience Diving<\/strong>, con domicilio en Carretera Canc\u00fan\u2013Tulum km 256, Complejo Sirenis, Plaza Xaac, local 5, colonia Plaza Xaac, Akumal, municipio de Solidaridad, c\u00f3digo postal 77780, en el estado de Quintana Roo, M\u00e9xico, as\u00ed como el sitio web <a rel=\"noopener\" target=\"_new\" href=\"http:\/\/blueexperiencediving.com\/es\/\">blueexperiencediving.com<\/a>, es responsable del uso y protecci\u00f3n de sus datos personales y, al respecto, le informamos lo siguiente:<\/p>\n<\/div><\/div>\n\n<div class=\"et_pb_heading_1 et_pb_heading et_pb_module et_block_module preset--module--divi-heading--ef35b176-3974-467b-9139-48dfb10bca63\"><div class=\"et_pb_heading_container\"><h2 class=\"et_pb_module_header\">\u00bfPara qu\u00e9 fines utilizaremos sus datos personales?<\/h2><\/div><\/div>\n\n<div class=\"et_pb_text_2 et_pb_text et_pb_bg_layout_light et_pb_module et_block_module preset--module--divi-text--default\"><div class=\"et_pb_text_inner\"><p>Adicionalmente, utilizaremos su informaci\u00f3n personal para los siguientes fines secundarios, que no son necesarios para el servicio solicitado, pero que nos permiten brindarle una mejor atenci\u00f3n:<\/p>\n<ul>\n<li>Para la gesti\u00f3n de reservaciones de servicios de buceo.<\/li>\n<li>Para el registro de actividades subacu\u00e1ticas.<\/li>\n<li>Para la certificaci\u00f3n y\/o registro de niveles de buceador en los cursos de entrenamiento.<\/li>\n<\/ul>\n<p>En caso de que no desee que sus datos personales se utilicen para estos fines secundarios, por favor ind\u00edquelo a continuaci\u00f3n: No consiento que mis datos personales se utilicen para los siguientes fines:<\/p>\n<ul class=\"contains-task-list\">\n<li class=\"task-list-item\">Para la gesti\u00f3n de reservaciones de servicios de buceo.<\/li>\n<li class=\"task-list-item\">Para el registro de actividades subacu\u00e1ticas.<\/li>\n<li class=\"task-list-item\">Para la certificaci\u00f3n y\/o registro de niveles de buceador en los cursos de entrenamiento.<\/li>\n<\/ul>\n<p>La negativa para el uso de sus datos personales para estos fines no podr\u00e1 ser un motivo para que le neguemos los servicios y productos que solicita o contrata con nosotros.<\/p>\n<\/div><\/div>\n\n<div class=\"et_pb_heading_2 et_pb_heading et_pb_module et_block_module preset--module--divi-heading--ef35b176-3974-467b-9139-48dfb10bca63\"><div class=\"et_pb_heading_container\"><h2 class=\"et_pb_module_header\">\u00bfQu\u00e9 datos personales utilizaremos para estos fines?<\/h2><\/div><\/div>\n\n<div class=\"et_pb_text_3 et_pb_text et_pb_bg_layout_light et_pb_module et_block_module preset--module--divi-text--default\"><div class=\"et_pb_text_inner\"><p>Para llevar a cabo las finalidades descritas en el presente aviso de privacidad, utilizaremos los siguientes datos personales:<\/p>\n<ul>\n<li>Nombre<\/li>\n<li>Tel\u00e9fono fijo<\/li>\n<li>Tel\u00e9fono celular<\/li>\n<li>Correo electr\u00f3nico<\/li>\n<li>Edad<\/li>\n<li>Fotograf\u00eda<\/li>\n<li>Deportes practicados<\/li>\n<li>N\u00famero de certificaciones de buceo<\/li>\n<li>Datos de identificaci\u00f3n<\/li>\n<li>Datos de contacto<\/li>\n<\/ul>\n<\/div><\/div>\n\n<div class=\"et_pb_heading_3 et_pb_heading et_pb_module et_block_module preset--module--divi-heading--ef35b176-3974-467b-9139-48dfb10bca63\"><div class=\"et_pb_heading_container\"><h2 class=\"et_pb_module_header\">\u00bfCon qui\u00e9n compartimos su informaci\u00f3n personal y para qu\u00e9 fines?<\/h2><\/div><\/div>\n\n<div class=\"et_pb_text_4 et_pb_text et_pb_bg_layout_light et_pb_module et_block_module preset--module--divi-text--default\"><div class=\"et_pb_text_inner\"><p>Le informamos que sus datos personales se comparten dentro y fuera del pa\u00eds con las siguientes personas, empresas, organizaciones o autoridades distintas a nosotros, para los siguientes fines:<\/p>\n<ul>\n<li><strong>Receptor de datos personales:<\/strong> PADI<\/li>\n<li><strong>Finalidad<\/strong>: Registro de certificaciones de buceo<\/li>\n<li><strong>Consentimiento requerido<\/strong>: No<\/li>\n<\/ul>\n<\/div><\/div>\n\n<div class=\"et_pb_heading_4 et_pb_heading et_pb_module et_block_module preset--module--divi-heading--ef35b176-3974-467b-9139-48dfb10bca63\"><div class=\"et_pb_heading_container\"><h2 class=\"et_pb_module_header\">\u00bfC\u00f3mo puede acceder, rectificar o cancelar sus datos personales, u oponerse a su uso?<\/h2><\/div><\/div>\n\n<div class=\"et_pb_text_5 et_pb_text et_pb_bg_layout_light et_pb_module et_block_module preset--module--divi-text--default\"><div class=\"et_pb_text_inner\"><p>Usted tiene derecho a conocer qu\u00e9 datos personales tenemos de usted, para qu\u00e9 los utilizamos y las condiciones del uso que les damos (Acceso). Asimismo, es su derecho solicitar la correcci\u00f3n de su informaci\u00f3n personal en caso de que est\u00e9 desactualizada, sea inexacta o incompleta (Rectificaci\u00f3n); que la eliminemos de nuestros registros o bases de datos cuando considere que la misma no est\u00e1 siendo utilizada adecuadamente (Cancelaci\u00f3n); as\u00ed como oponerse al uso de sus datos personales para fines espec\u00edficos (Oposici\u00f3n). Estos derechos se conocen como derechos ARCO.  <\/p>\n<p>Para ejercer cualquiera de los derechos ARCO, usted deber\u00e1 presentar la solicitud respectiva a trav\u00e9s del siguiente medio:<\/p>\n<ul>\n<li><strong>Email:<\/strong> <a rel=\"noopener\">info@blueexperiencediving.com<\/a><\/li>\n<\/ul>\n<p>Para conocer el procedimiento y requisitos para el ejercicio de los derechos ARCO, ponemos a su disposici\u00f3n el siguiente medio:<\/p>\n<ul>\n<li><strong>Email:<\/strong> <a rel=\"noopener\">info@blueexperiencediving.com<\/a><\/li>\n<\/ul>\n<p>Los datos de contacto de la persona o departamento responsable de datos personales, que est\u00e1 a cargo de tramitar las solicitudes de derechos ARCO, son los siguientes:<\/p>\n<ul>\n<li><strong>Nombre:<\/strong> Sarah<\/li>\n<li><strong>Domicilio:<\/strong> Carretera Canc\u00fan-Tulum km256, complejo Sirenis, Plaza Xaac local 5, colonia Plaza Xaac, Akumal, municipality of Solidaridad, postal code 77780, in the state of Quintana Roo, Mexico.<\/li>\n<\/ul>\n<\/div><\/div>\n\n<div class=\"et_pb_heading_5 et_pb_heading et_pb_module et_block_module preset--module--divi-heading--ef35b176-3974-467b-9139-48dfb10bca63\"><div class=\"et_pb_heading_container\"><h2 class=\"et_pb_module_header\">Usted puede revocar su consentimiento para el uso de sus datos personales<\/h2><\/div><\/div>\n\n<div class=\"et_pb_text_6 et_pb_text et_pb_bg_layout_light et_pb_module et_block_module preset--module--divi-text--default\"><div class=\"et_pb_text_inner\"><p>Usted puede revocar el consentimiento que, en su caso, nos haya otorgado para el tratamiento de sus datos personales. Sin embargo, es importante que tenga en cuenta que no en todos los casos podremos atender su solicitud o concluir el uso de forma inmediata, ya que es posible que por alguna obligaci\u00f3n legal requiramos seguir tratando sus datos personales. Asimismo, deber\u00e1 considerar que para ciertos fines, la revocaci\u00f3n de su consentimiento implicar\u00e1 que no le podamos seguir prestando el servicio que nos solicit\u00f3, o la conclusi\u00f3n de su relaci\u00f3n con nosotros.  <\/p>\n<p>Para revocar su consentimiento, deber\u00e1 presentar su solicitud a trav\u00e9s del siguiente medio:<\/p>\n<ul>\n<li><strong>Email:<\/strong> <a rel=\"noopener\">info@blueexperiencediving.com<\/a><\/li>\n<\/ul>\n<p>Para conocer el procedimiento y requisitos para la revocaci\u00f3n del consentimiento, ponemos a su disposici\u00f3n el siguiente medio:<\/p>\n<ul>\n<li><strong>Email:<\/strong> <a rel=\"noopener\">info@blueexperiencediving.com<\/a><\/li>\n<\/ul>\n<\/div><\/div>\n\n<div class=\"et_pb_heading_6 et_pb_heading et_pb_module et_block_module preset--module--divi-heading--ef35b176-3974-467b-9139-48dfb10bca63\"><div class=\"et_pb_heading_container\"><h2 class=\"et_pb_module_header\">\u00bfC\u00f3mo puede limitar el uso o divulgaci\u00f3n de su informaci\u00f3n personal?<\/h2><\/div><\/div>\n\n<div class=\"et_pb_text_7 et_pb_text et_pb_bg_layout_light et_pb_module et_block_module preset--module--divi-text--default\"><div class=\"et_pb_text_inner\"><p>Con el fin de que usted pueda limitar el uso y divulgaci\u00f3n de su informaci\u00f3n personal, le ofrecemos los siguientes medios:<\/p>\n<ul>\n<li><strong>Email:<\/strong> <a rel=\"noopener\">info@blueexperiencediving.com<\/a><\/li>\n<\/ul>\n<\/div><\/div>\n\n<div class=\"et_pb_heading_7 et_pb_heading et_pb_module et_block_module preset--module--divi-heading--ef35b176-3974-467b-9139-48dfb10bca63\"><div class=\"et_pb_heading_container\"><h2 class=\"et_pb_module_header\">\u00bfC\u00f3mo puede conocer los cambios en este aviso de privacidad?<\/h2><\/div><\/div>\n\n<div class=\"et_pb_text_8 et_pb_text et_pb_bg_layout_light et_pb_module et_block_module preset--module--divi-text--default\"><div class=\"et_pb_text_inner\"><p>El presente aviso de privacidad puede sufrir modificaciones, cambios o actualizaciones derivadas de nuevos requerimientos legales; de nuestras propias necesidades por los productos o servicios que ofrecemos; de nuestras pr\u00e1cticas de privacidad; de cambios en nuestro modelo de negocio, o por otras causas.<\/p>\n<p>Nos comprometemos a mantenerle informado sobre cualquier cambio a este aviso de privacidad a trav\u00e9s de: <a rel=\"noopener\" target=\"_new\" href=\"http:\/\/blueexperiencediving.com\/es\/\">blueexperiencediving.com<\/a>.<\/p>\n<p>El procedimiento a trav\u00e9s del cual se llevar\u00e1n a cabo las notificaciones sobre cambios o actualizaciones al presente aviso de privacidad es el siguiente:<\/p>\n<ul>\n<li>Visita nuestro sitio web.<\/li>\n<\/ul>\n<\/div><\/div>\n<\/div>\n<\/div>\n<\/div>","protected":false},"excerpt":{"rendered":"","protected":false},"author":1,"featured_media":25976189,"parent":0,"menu_order":0,"comment_status":"closed","ping_status":"closed","template":"","meta":{"_acf_changed":false,"footnotes":""},"folder":[41],"class_list":["post-25977389","page","type-page","status-publish","has-post-thumbnail","hentry"],"acf":[],"_links":{"self":[{"href":"https:\/\/blueexperiencediving.com\/es\/wp-json\/wp\/v2\/pages\/25977389","targetHints":{"allow":["GET"]}}],"collection":[{"href":"https:\/\/blueexperiencediving.com\/es\/wp-json\/wp\/v2\/pages"}],"about":[{"href":"https:\/\/blueexperiencediving.com\/es\/wp-json\/wp\/v2\/types\/page"}],"author":[{"embeddable":true,"href":"https:\/\/blueexperiencediving.com\/es\/wp-json\/wp\/v2\/users\/1"}],"replies":[{"embeddable":true,"href":"https:\/\/blueexperiencediving.com\/es\/wp-json\/wp\/v2\/comments?post=25977389"}],"version-history":[{"count":11,"href":"https:\/\/blueexperiencediving.com\/es\/wp-json\/wp\/v2\/pages\/25977389\/revisions"}],"predecessor-version":[{"id":25980816,"href":"https:\/\/blueexperiencediving.com\/es\/wp-json\/wp\/v2\/pages\/25977389\/revisions\/25980816"}],"wp:featuredmedia":[{"embeddable":true,"href":"https:\/\/blueexperiencediving.com\/es\/wp-json\/wp\/v2\/media\/25976189"}],"wp:attachment":[{"href":"https:\/\/blueexperiencediving.com\/es\/wp-json\/wp\/v2\/media?parent=25977389"}],"wp:term":[{"taxonomy":"folder","embeddable":true,"href":"https:\/\/blueexperiencediving.com\/es\/wp-json\/wp\/v2\/folder?post=25977389"}],"curies":[{"name":"wp","href":"https:\/\/api.w.org\/{rel}","templated":true}]}}