{"id":25977395,"date":"2024-08-25T15:44:31","date_gmt":"2024-08-25T20:44:31","guid":{"rendered":"https:\/\/blueexperiencediving.com\/datenschutzrichtlinie-2\/"},"modified":"2026-03-30T14:14:35","modified_gmt":"2026-03-30T19:14:35","slug":"datenschutzrichtlinie","status":"publish","type":"page","link":"https:\/\/blueexperiencediving.com\/de\/datenschutzrichtlinie\/","title":{"rendered":"Datenschutzrichtlinie"},"content":{"rendered":"<div class=\"et_pb_section_0 et_pb_section et_section_regular et_block_section\">\n<div class=\"et_pb_row_0 et_pb_row et_block_row\">\n<div class=\"et_pb_column_0 et_pb_column et_pb_column_4_4 et-last-child et_block_column et_pb_css_mix_blend_mode_passthrough\">\n<div class=\"et_pb_heading_0 et_pb_heading et_pb_module et_block_module preset--module--divi-heading--4b888c4b-23a6-403b-baf4-50f385047008 preset--module--divi-heading--default preset--module--divi-heading--yzta2i8pe5\"><div class=\"et_pb_heading_container\"><h1 class=\"et_pb_module_header\">Datenschutzrichtlinie<\/h1><\/div><\/div>\n\n<div class=\"et_pb_text_0 et_pb_text et_pb_bg_layout_light et_pb_module et_block_module preset--module--divi-text--default\"><div class=\"et_pb_text_inner\"><p>Letzte Aktualisierung: 25\/08\/2024<\/p>\n<\/div><\/div>\n<\/div>\n<\/div>\n<\/div>\n\n<div class=\"et_pb_section_1 et_pb_section et_section_regular et_block_section\">\n<div class=\"et_pb_row_1 et_pb_row et_block_row\">\n<div class=\"et_pb_column_1 et_pb_column et_pb_column_4_4 et-last-child et_block_column et_pb_css_mix_blend_mode_passthrough\">\n<div class=\"et_pb_text_1 et_pb_text et_pb_bg_layout_light et_pb_module et_block_module preset--module--divi-text--default\"><div class=\"et_pb_text_inner\"><p><strong>Blue Experience S.A. de C.V.<\/strong>, besser bekannt als <strong>Blue Experience Diving<\/strong>, mit Sitz an der Carretera Canc\u00fan\u2013Tulum km 256, Complejo Sirenis, Plaza Xaac, Local 5, Colonia Plaza Xaac, Akumal, Gemeinde Solidaridad, Postleitzahl 77780, im Bundesstaat Quintana Roo, Mexiko, sowie der Website <a rel=\"noopener\" target=\"_new\" href=\"http:\/\/blueexperiencediving.com\/de\/\">blueexperiencediving.com<\/a>, ist verantwortlich f\u00fcr die Verwendung und den Schutz Ihrer personenbezogenen Daten und informiert Sie hiermit \u00fcber Folgendes:<\/p>\n<\/div><\/div>\n\n<div class=\"et_pb_heading_1 et_pb_heading et_pb_module et_block_module preset--module--divi-heading--ef35b176-3974-467b-9139-48dfb10bca63\"><div class=\"et_pb_heading_container\"><h2 class=\"et_pb_module_header\">Zu welchen Zwecken verwenden wir Ihre pers\u00f6nlichen Daten?<\/h2><\/div><\/div>\n\n<div class=\"et_pb_text_2 et_pb_text et_pb_bg_layout_light et_pb_module et_block_module preset--module--divi-text--default\"><div class=\"et_pb_text_inner\"><p>Zus\u00e4tzlich verwenden wir Ihre pers\u00f6nlichen Daten f\u00fcr die folgenden sekund\u00e4ren Zwecke, die nicht erforderlich sind, um den angeforderten Service zu erbringen, aber es uns erm\u00f6glichen, Ihnen eine bessere Betreuung zu bieten:<\/p>\n<ul>\n<li>F\u00fcr die Verwaltung von Tauchservice-Reservierungen.<\/li>\n<li>F\u00fcr die Registrierung von Unterwasseraktivit\u00e4ten.<\/li>\n<li>F\u00fcr die Zertifizierung und\/oder Registrierung von Tauchlevels in Trainingskursen.<\/li>\n<\/ul>\n<p>Falls Sie nicht m\u00f6chten, dass Ihre pers\u00f6nlichen Daten f\u00fcr diese sekund\u00e4ren Zwecke verwendet werden, geben Sie dies bitte unten an: Ich stimme der Verwendung meiner pers\u00f6nlichen Daten f\u00fcr die folgenden Zwecke nicht zu:<\/p>\n<ul class=\"contains-task-list\">\n<li class=\"task-list-item\">F\u00fcr die Verwaltung von Tauchservice-Reservierungen.<\/li>\n<li class=\"task-list-item\">F\u00fcr die Registrierung von Unterwasseraktivit\u00e4ten.<\/li>\n<li class=\"task-list-item\">F\u00fcr die Zertifizierung und\/oder Registrierung von Tauchlevels in Trainingskursen.<\/li>\n<\/ul>\n<p>Die Verweigerung der Verwendung Ihrer pers\u00f6nlichen Daten f\u00fcr diese Zwecke kann kein Grund sein, Ihnen die von Ihnen angeforderten oder mit uns abgeschlossenen Dienstleistungen und Produkte zu verweigern.<\/p>\n<\/div><\/div>\n\n<div class=\"et_pb_heading_2 et_pb_heading et_pb_module et_block_module preset--module--divi-heading--ef35b176-3974-467b-9139-48dfb10bca63\"><div class=\"et_pb_heading_container\"><h2 class=\"et_pb_module_header\">Welche pers\u00f6nlichen Daten verwenden wir f\u00fcr diese Zwecke?<\/h2><\/div><\/div>\n\n<div class=\"et_pb_text_3 et_pb_text et_pb_bg_layout_light et_pb_module et_block_module preset--module--divi-text--default\"><div class=\"et_pb_text_inner\"><p>Um die in dieser Datenschutzerkl\u00e4rung beschriebenen Zwecke zu erf\u00fcllen, verwenden wir die folgenden pers\u00f6nlichen Daten:<\/p>\n<ul>\n<li>Namen<\/li>\n<li>Festnetznummer<\/li>\n<li>Handynummer<\/li>\n<li>E-Mail-Adresse<\/li>\n<li>Alter<\/li>\n<li>Foto<\/li>\n<li>Ausge\u00fcbte Sportarten<\/li>\n<li>Tauchzertifizierungsnummern<\/li>\n<li>Identifikationsdaten<\/li>\n<li>Kontaktdaten<\/li>\n<\/ul>\n<\/div><\/div>\n\n<div class=\"et_pb_heading_3 et_pb_heading et_pb_module et_block_module preset--module--divi-heading--ef35b176-3974-467b-9139-48dfb10bca63\"><div class=\"et_pb_heading_container\"><h2 class=\"et_pb_module_header\">Mit wem teilen wir Ihre pers\u00f6nlichen Daten und zu welchen Zwecken?<\/h2><\/div><\/div>\n\n<div class=\"et_pb_text_4 et_pb_text et_pb_bg_layout_light et_pb_module et_block_module preset--module--divi-text--default\"><div class=\"et_pb_text_inner\"><p>Wir informieren Sie dar\u00fcber, dass Ihre pers\u00f6nlichen Daten innerhalb und au\u00dferhalb des Landes mit den folgenden Personen, Unternehmen, Organisationen oder Beh\u00f6rden geteilt werden, um die folgenden Zwecke zu erf\u00fcllen:<\/p>\n<ul>\n<li><strong>Recipient of personal data:<\/strong> PADI<\/li>\n<li><strong>Zweck<\/strong>: Registrierung von Tauchzertifizierungen<\/li>\n<li><strong>Erforderliches Einverst\u00e4ndnis<\/strong>: Nein<\/li>\n<\/ul>\n<\/div><\/div>\n\n<div class=\"et_pb_heading_4 et_pb_heading et_pb_module et_block_module preset--module--divi-heading--ef35b176-3974-467b-9139-48dfb10bca63\"><div class=\"et_pb_heading_container\"><h2 class=\"et_pb_module_header\">Wie k\u00f6nnen Sie auf Ihre pers\u00f6nlichen Daten zugreifen, sie korrigieren oder l\u00f6schen, oder deren Nutzung widersprechen?<\/h2><\/div><\/div>\n\n<div class=\"et_pb_text_5 et_pb_text et_pb_bg_layout_light et_pb_module et_block_module preset--module--divi-text--default\"><div class=\"et_pb_text_inner\"><p>Sie haben das Recht zu erfahren, welche pers\u00f6nlichen Daten wir \u00fcber Sie besitzen, wof\u00fcr wir sie verwenden und unter welchen Bedingungen wir sie verwenden (Zugriff). Sie haben auch das Recht, die Berichtigung Ihrer pers\u00f6nlichen Daten zu verlangen, wenn diese veraltet, ungenau oder unvollst\u00e4ndig sind (Berichtigung); dass wir sie aus unseren Registern oder Datenbanken l\u00f6schen, wenn Sie der Meinung sind, dass sie nicht ordnungsgem\u00e4\u00df verwendet werden (L\u00f6schung); sowie der Verwendung Ihrer pers\u00f6nlichen Daten f\u00fcr bestimmte Zwecke zu widersprechen (Widerspruch). Diese Rechte sind als ARCO-Rechte bekannt.  <\/p>\n<p>Um eines der ARCO-Rechte auszu\u00fcben, m\u00fcssen Sie den entsprechenden Antrag \u00fcber das folgende Mittel einreichen:<\/p>\n<ul>\n<li><strong>Email:<\/strong> <a rel=\"noopener\">info@blueexperiencediving.com<\/a><\/li>\n<\/ul>\n<p>Um das Verfahren und die Anforderungen f\u00fcr die Aus\u00fcbung der ARCO-Rechte zu erfahren, stellen wir Ihnen das folgende Mittel zur Verf\u00fcgung:<\/p>\n<ul>\n<li><strong>Email:<\/strong> <a rel=\"noopener\">info@blueexperiencediving.com<\/a><\/li>\n<\/ul>\n<p>Die Kontaktdaten der Person oder Abteilung, die f\u00fcr den Datenschutz verantwortlich ist und die Antr\u00e4ge auf ARCO-Rechte bearbeitet, lauten wie folgt:<\/p>\n<ul>\n<li><strong>Name:<\/strong> Sarah<\/li>\n<li><strong>Anschrift:<\/strong> Carretera Canc\u00fan-Tulum km256, complejo Sirenis, Plaza Xaac local 5, colonia Plaza Xaac, Akumal, municipality of Solidaridad, postal code 77780, in the state of Quintana Roo, Mexico.<\/li>\n<\/ul>\n<\/div><\/div>\n\n<div class=\"et_pb_heading_5 et_pb_heading et_pb_module et_block_module preset--module--divi-heading--ef35b176-3974-467b-9139-48dfb10bca63\"><div class=\"et_pb_heading_container\"><h2 class=\"et_pb_module_header\">Sie k\u00f6nnen Ihre Einwilligung zur Nutzung Ihrer pers\u00f6nlichen Daten widerrufen<\/h2><\/div><\/div>\n\n<div class=\"et_pb_text_6 et_pb_text et_pb_bg_layout_light et_pb_module et_block_module preset--module--divi-text--default\"><div class=\"et_pb_text_inner\"><p>Sie k\u00f6nnen die Einwilligung, die Sie uns zur Verarbeitung Ihrer pers\u00f6nlichen Daten erteilt haben, widerrufen. Es ist jedoch wichtig zu beachten, dass wir in einigen F\u00e4llen m\u00f6glicherweise Ihre Anfrage nicht sofort erf\u00fcllen oder die Nutzung Ihrer Daten nicht sofort beenden k\u00f6nnen, da wir m\u00f6glicherweise aufgrund gesetzlicher Verpflichtungen verpflichtet sind, Ihre pers\u00f6nlichen Daten weiter zu verarbeiten. Au\u00dferdem sollten Sie bedenken, dass der Widerruf Ihrer Einwilligung f\u00fcr bestimmte Zwecke dazu f\u00fchren kann, dass wir Ihnen die angeforderten Dienstleistungen nicht mehr erbringen oder die Beziehung mit Ihnen beenden k\u00f6nnen.  <\/p>\n<p>Um Ihre Einwilligung zu widerrufen, m\u00fcssen Sie Ihren Antrag \u00fcber das folgende Mittel einreichen:<\/p>\n<ul>\n<li><strong>Email:<\/strong> <a rel=\"noopener\">info@blueexperiencediving.com<\/a><\/li>\n<\/ul>\n<p>Um das Verfahren und die Anforderungen f\u00fcr den Widerruf der Einwilligung zu erfahren, stellen wir Ihnen das folgende Mittel zur Verf\u00fcgung:<\/p>\n<ul>\n<li><strong>Email: <\/strong><a rel=\"noopener\">info@blueexperiencediving.com<\/a><\/li>\n<\/ul>\n<\/div><\/div>\n\n<div class=\"et_pb_heading_6 et_pb_heading et_pb_module et_block_module preset--module--divi-heading--ef35b176-3974-467b-9139-48dfb10bca63\"><div class=\"et_pb_heading_container\"><h2 class=\"et_pb_module_header\">Wie k\u00f6nnen Sie die Nutzung oder Weitergabe Ihrer pers\u00f6nlichen Daten einschr\u00e4nken?<\/h2><\/div><\/div>\n\n<div class=\"et_pb_text_7 et_pb_text et_pb_bg_layout_light et_pb_module et_block_module preset--module--divi-text--default\"><div class=\"et_pb_text_inner\"><p>Um die Nutzung und Weitergabe Ihrer pers\u00f6nlichen Daten zu begrenzen, bieten wir Ihnen die folgenden Mittel an:<\/p>\n<ul>\n<li><strong>Email:<\/strong> <a rel=\"noopener\">info@blueexperiencediving.com<\/a><\/li>\n<\/ul>\n<\/div><\/div>\n\n<div class=\"et_pb_heading_7 et_pb_heading et_pb_module et_block_module preset--module--divi-heading--ef35b176-3974-467b-9139-48dfb10bca63\"><div class=\"et_pb_heading_container\"><h2 class=\"et_pb_module_header\">Wie k\u00f6nnen Sie \u00c4nderungen an dieser Datenschutzerkl\u00e4rung erfahren?<\/h2><\/div><\/div>\n\n<div class=\"et_pb_text_8 et_pb_text et_pb_bg_layout_light et_pb_module et_block_module preset--module--divi-text--default\"><div class=\"et_pb_text_inner\"><p>Diese Datenschutzerkl\u00e4rung kann aufgrund neuer gesetzlicher Anforderungen, unserer eigenen Bed\u00fcrfnisse in Bezug auf die von uns angebotenen Produkte oder Dienstleistungen, unserer Datenschutzpraktiken, \u00c4nderungen unseres Gesch\u00e4ftsmodells oder aus anderen Gr\u00fcnden ge\u00e4ndert oder aktualisiert werden.<\/p>\n<p>We are committed to keeping you informed about any changes to this privacy notice, through: <a rel=\"noopener\" target=\"_new\" href=\"http:\/\/blueexperiencediving.com\/de\/\">blueexperiencediving.com<\/a>.<\/p>\n<p>Das Verfahren, durch das Benachrichtigungen \u00fcber \u00c4nderungen oder Aktualisierungen dieser Datenschutzerkl\u00e4rung durchgef\u00fchrt werden, ist wie folgt:<\/p>\n<ul>\n<li>Besuchen Sie unsere Website.<\/li>\n<\/ul>\n<\/div><\/div>\n<\/div>\n<\/div>\n<\/div>","protected":false},"excerpt":{"rendered":"","protected":false},"author":1,"featured_media":25976188,"parent":0,"menu_order":0,"comment_status":"closed","ping_status":"closed","template":"","meta":{"_acf_changed":false,"footnotes":""},"folder":[41],"class_list":["post-25977395","page","type-page","status-publish","has-post-thumbnail","hentry"],"acf":[],"_links":{"self":[{"href":"https:\/\/blueexperiencediving.com\/de\/wp-json\/wp\/v2\/pages\/25977395","targetHints":{"allow":["GET"]}}],"collection":[{"href":"https:\/\/blueexperiencediving.com\/de\/wp-json\/wp\/v2\/pages"}],"about":[{"href":"https:\/\/blueexperiencediving.com\/de\/wp-json\/wp\/v2\/types\/page"}],"author":[{"embeddable":true,"href":"https:\/\/blueexperiencediving.com\/de\/wp-json\/wp\/v2\/users\/1"}],"replies":[{"embeddable":true,"href":"https:\/\/blueexperiencediving.com\/de\/wp-json\/wp\/v2\/comments?post=25977395"}],"version-history":[{"count":10,"href":"https:\/\/blueexperiencediving.com\/de\/wp-json\/wp\/v2\/pages\/25977395\/revisions"}],"predecessor-version":[{"id":25980793,"href":"https:\/\/blueexperiencediving.com\/de\/wp-json\/wp\/v2\/pages\/25977395\/revisions\/25980793"}],"wp:featuredmedia":[{"embeddable":true,"href":"https:\/\/blueexperiencediving.com\/de\/wp-json\/wp\/v2\/media\/25976188"}],"wp:attachment":[{"href":"https:\/\/blueexperiencediving.com\/de\/wp-json\/wp\/v2\/media?parent=25977395"}],"wp:term":[{"taxonomy":"folder","embeddable":true,"href":"https:\/\/blueexperiencediving.com\/de\/wp-json\/wp\/v2\/folder?post=25977395"}],"curies":[{"name":"wp","href":"https:\/\/api.w.org\/{rel}","templated":true}]}}